{"id":3,"date":"2018-11-11T12:24:07","date_gmt":"2018-11-11T11:24:07","guid":{"rendered":"http:\/\/wp1132190.server-he.de\/wordpress\/?page_id=3"},"modified":"2025-03-27T22:57:28","modified_gmt":"2025-03-27T21:57:28","slug":"datenschutzerklaerung","status":"publish","type":"page","link":"http:\/\/nimburg-crocodiles.de\/index.php\/datenschutzerklaerung\/","title":{"rendered":"Kontakt"},"content":{"rendered":"<h3>Vereinsanschrift &amp; Impressum<\/h3>\n<p>SHC Nimburg Crocodiles e. V.<br \/>\nWaldstra\u00dfe 6a<br \/>\n79331 Nimburg<\/p>\n<p><a href=\"mailto:info@nimburg-crocodiles.de\">info@nimburg-crocodiles.de<\/a><\/p>\n<p>Du m\u00f6chtest mitmachen? F\u00fclle den <a href=\"https:\/\/easyverein.com\/public\/Crocodiles\/applicationform\/6084\" target=\"_blank\" rel=\"noopener\">Mitgliedsantrag<\/a> ganz einfach online aus!<\/p>\n<h3>Vorstand<\/h3>\n<p>1. Vorsitzender: Henning Roth, Mobil: 0174\/2070921<br \/>\n2. Vorsitzender: Felix Bohnet, Mobil: 0176\/24306304<br \/>\nKassenwart: Jonas Enderlin<br \/>\nSportwart: Matthias Frey<br \/>\nSchriftf\u00fchrer: Tobias Schmid-Schirling, Mobil: 0176\/61569182<br \/>\nJugendwart: Ingo Scharf<\/p>\n<h3><\/h3>\n<p>Lust auf Schnuppertraining? Fragen zum Verein? Einfach anrufen oder E-Mail an <a href=\"mailto:info@nimburg-crocodiles.de\">info@nimburg-crocodiles.de<\/a><br \/>\nVereinsregister: Amtsgericht Freiburg i. Br, VR-Nr. 260560<\/p>\n","protected":false},"excerpt":{"rendered":"<p>Vereinsanschrift &amp; Impressum SHC Nimburg Crocodiles e. V. Waldstra\u00dfe 6a 79331 Nimburg info@nimburg-crocodiles.de Du m\u00f6chtest mitmachen? F\u00fclle den Mitgliedsantrag ganz einfach online aus! Vorstand 1.&hellip; <a href=\"http:\/\/nimburg-crocodiles.de\/index.php\/datenschutzerklaerung\/\" class=\"more-link\"><span class=\"screen-reader-text\">Kontakt<\/span> weiterlesen<\/a><\/p>\n","protected":false},"author":1,"featured_media":0,"parent":0,"menu_order":0,"comment_status":"closed","ping_status":"open","template":"","meta":[],"_links":{"self":[{"href":"http:\/\/nimburg-crocodiles.de\/index.php\/wp-json\/wp\/v2\/pages\/3"}],"collection":[{"href":"http:\/\/nimburg-crocodiles.de\/index.php\/wp-json\/wp\/v2\/pages"}],"about":[{"href":"http:\/\/nimburg-crocodiles.de\/index.php\/wp-json\/wp\/v2\/types\/page"}],"author":[{"embeddable":true,"href":"http:\/\/nimburg-crocodiles.de\/index.php\/wp-json\/wp\/v2\/users\/1"}],"replies":[{"embeddable":true,"href":"http:\/\/nimburg-crocodiles.de\/index.php\/wp-json\/wp\/v2\/comments?post=3"}],"version-history":[{"count":33,"href":"http:\/\/nimburg-crocodiles.de\/index.php\/wp-json\/wp\/v2\/pages\/3\/revisions"}],"predecessor-version":[{"id":729,"href":"http:\/\/nimburg-crocodiles.de\/index.php\/wp-json\/wp\/v2\/pages\/3\/revisions\/729"}],"wp:attachment":[{"href":"http:\/\/nimburg-crocodiles.de\/index.php\/wp-json\/wp\/v2\/media?parent=3"}],"curies":[{"name":"wp","href":"https:\/\/api.w.org\/{rel}","templated":true}]}}