{"id":81,"date":"2018-12-16T22:56:03","date_gmt":"2018-12-16T21:56:03","guid":{"rendered":"http:\/\/wp1132190.server-he.de\/wordpress\/?page_id=81"},"modified":"2023-03-20T21:08:43","modified_gmt":"2023-03-20T20:08:43","slug":"spielstaette","status":"publish","type":"page","link":"http:\/\/nimburg-crocodiles.de\/index.php\/spielstaette\/","title":{"rendered":"Spielst\u00e4tte"},"content":{"rendered":"\n<p>Seit 2008 verf\u00fcgen die Nimburg Crocodiles \u00fcber einen eigenen Hockeyplatz! Der Platz ist au\u00dferhalb der offiziellen <a href=\"http:\/\/nimburg-crocodiles.de\/index.php\/trainingszeiten\/\">Trainingszeiten<\/a> zum Inlinehockey-Spielen  freigegeben. Seit 2017 besteht der Boden aus einem <a href=\"http:\/\/www.bergoflooring.com\/de\/produkte\/bergo-multisport\">Bergo Multisport Belag<\/a>.<\/p>\n\n\n\n<p><strong>Luftbild:<\/strong><\/p>\n\n\n\n<figure class=\"wp-block-image is-resized\"><img decoding=\"async\" loading=\"lazy\" style=\"box-shadow: 5px -5px 5px gray;\" src=\"http:\/\/wp1132190.server-he.de\/wordpress\/wp-content\/uploads\/2019\/02\/DSC02816-1024x682.jpg\" alt=\"\" class=\"wp-image-99\" width=\"431\" height=\"287\" srcset=\"http:\/\/nimburg-crocodiles.de\/wp-content\/uploads\/2019\/02\/DSC02816-1024x682.jpg 1024w, http:\/\/nimburg-crocodiles.de\/wp-content\/uploads\/2019\/02\/DSC02816-300x200.jpg 300w, http:\/\/nimburg-crocodiles.de\/wp-content\/uploads\/2019\/02\/DSC02816-768x511.jpg 768w\" sizes=\"(max-width: 431px) 100vw, 431px\" \/><\/figure>\n\n\n\n<figure class=\"wp-block-image\"><img decoding=\"async\" src=\"http:\/\/nimburg-crocodiles.de\/xoops-2.0.18\/image.php?id=4\" alt=\" \"\/><\/figure>\n\n\n\n<p><strong>Adresse:<\/strong><\/p>\n\n\n\n<p>Inlinehockeyplatz Nimburg, Waldstra\u00dfe 6a, 79331 Nimburg<\/p>\n\n\n\n<p><strong>Wegbeschreibung :<\/strong><\/p>\n\n\n\n<iframe loading=\"lazy\" src=\"https:\/\/www.google.com\/maps\/embed?pb=!1m18!1m12!1m3!1d2664.4157074770087!2d7.778438415314249!3d48.10221597922071!2m3!1f0!2f0!3f0!3m2!1i1024!2i768!4f13.1!3m3!1m2!1s0x479118293c061c77%3A0x2ca06449d798a3d7!2sSHC+Nimburg+Crocodiles+e.V.!5e0!3m2!1sde!2sde!4v1544997730431\" style=\"border:0\" allowfullscreen=\"\" width=\"600\" height=\"450\" frameborder=\"0\"><\/iframe>\n\n\n\n<p><\/p>\n","protected":false},"excerpt":{"rendered":"<p>Seit 2008 verf\u00fcgen die Nimburg Crocodiles \u00fcber einen eigenen Hockeyplatz! Der Platz ist au\u00dferhalb der offiziellen Trainingszeiten zum Inlinehockey-Spielen freigegeben. Seit 2017 besteht der Boden&hellip; <a href=\"http:\/\/nimburg-crocodiles.de\/index.php\/spielstaette\/\" class=\"more-link\"><span class=\"screen-reader-text\">Spielst\u00e4tte<\/span> weiterlesen<\/a><\/p>\n","protected":false},"author":1,"featured_media":0,"parent":0,"menu_order":0,"comment_status":"closed","ping_status":"closed","template":"","meta":[],"_links":{"self":[{"href":"http:\/\/nimburg-crocodiles.de\/index.php\/wp-json\/wp\/v2\/pages\/81"}],"collection":[{"href":"http:\/\/nimburg-crocodiles.de\/index.php\/wp-json\/wp\/v2\/pages"}],"about":[{"href":"http:\/\/nimburg-crocodiles.de\/index.php\/wp-json\/wp\/v2\/types\/page"}],"author":[{"embeddable":true,"href":"http:\/\/nimburg-crocodiles.de\/index.php\/wp-json\/wp\/v2\/users\/1"}],"replies":[{"embeddable":true,"href":"http:\/\/nimburg-crocodiles.de\/index.php\/wp-json\/wp\/v2\/comments?post=81"}],"version-history":[{"count":8,"href":"http:\/\/nimburg-crocodiles.de\/index.php\/wp-json\/wp\/v2\/pages\/81\/revisions"}],"predecessor-version":[{"id":534,"href":"http:\/\/nimburg-crocodiles.de\/index.php\/wp-json\/wp\/v2\/pages\/81\/revisions\/534"}],"wp:attachment":[{"href":"http:\/\/nimburg-crocodiles.de\/index.php\/wp-json\/wp\/v2\/media?parent=81"}],"curies":[{"name":"wp","href":"https:\/\/api.w.org\/{rel}","templated":true}]}}